{"id":234,"date":"2017-11-23T22:26:18","date_gmt":"2017-11-23T22:26:18","guid":{"rendered":"http:\/\/zirkvandenberg.com\/?page_id=234"},"modified":"2018-10-22T22:56:49","modified_gmt":"2018-10-22T09:56:49","slug":"wydsbeen","status":"publish","type":"page","link":"https:\/\/zirkvandenberg.com\/index.php\/boeke\/wydsbeen\/","title":{"rendered":"Wydsbeen"},"content":{"rendered":"<figure id=\"attachment_235\" aria-describedby=\"caption-attachment-235\" style=\"width: 193px\" class=\"wp-caption alignright\"><img decoding=\"async\" loading=\"lazy\" class=\"size-medium wp-image-235\" src=\"http:\/\/zirkvandenberg.com\/wp-content\/uploads\/2017\/11\/Wydsbeen-2-193x300.jpg\" alt=\"\" width=\"193\" height=\"300\" srcset=\"https:\/\/zirkvandenberg.com\/wp-content\/uploads\/2017\/11\/Wydsbeen-2-193x300.jpg 193w, https:\/\/zirkvandenberg.com\/wp-content\/uploads\/2017\/11\/Wydsbeen-2-768x1196.jpg 768w, https:\/\/zirkvandenberg.com\/wp-content\/uploads\/2017\/11\/Wydsbeen-2-658x1024.jpg 658w, https:\/\/zirkvandenberg.com\/wp-content\/uploads\/2017\/11\/Wydsbeen-2-940x1463.jpg 940w, https:\/\/zirkvandenberg.com\/wp-content\/uploads\/2017\/11\/Wydsbeen-2-500x778.jpg 500w, https:\/\/zirkvandenberg.com\/wp-content\/uploads\/2017\/11\/Wydsbeen-2.jpg 1631w\" sizes=\"(max-width: 193px) 100vw, 193px\" \/><figcaption id=\"caption-attachment-235\" class=\"wp-caption-text\">Tafelberg SA 1992<\/figcaption><\/figure>\n<p>Estienne Barbier was &#8216;n Fransman wat in die 1730s &#8216;n rebellie teen die Kaapse owerhede wou lei. Sy geskiedenis, wat grootliks deur professor Roy Pheiffer nagevors is, het ook boeke deur Dan Sleigh en Andr\u00e9 Brink ge\u00efnspireer &#8211; Brink s&#8217;n het maar enkele maande n\u00e1 <em><strong>Wydsbeen<\/strong> <\/em>verskyn.<\/p>\n<p>Die omslagtekening is deur Frank van Schaik.<\/p>\n<p>Dele van die boek geval my nou nog.<\/p>\n<p>Ek het eers onlangs via Wikipedia verneem dat die boek\u00a0in 1993 die kortlyste vir die C.N.A. Debuutprys en die Rapportprys gehaal het.<\/p>\n<p><a href=\"https:\/\/www.amazon.com\/Wydsbeen-Zirk-van-den-Berg-ebook\/dp\/B00DBPWSLA\/ref=sr_1_10?ie=UTF8&amp;qid=1511592387&amp;sr=8-10&amp;keywords=zirk+van+den+berg\"><strong>Koop die Kindle-weergawe op Amazon.<\/strong><\/a><\/p>\n<p>&nbsp;<\/p>\n","protected":false},"excerpt":{"rendered":"<p>Estienne Barbier was &#8216;n Fransman wat in die 1730s &#8216;n rebellie teen die Kaapse owerhede wou lei. Sy geskiedenis, wat&#8230;<\/p>\n","protected":false},"author":1,"featured_media":0,"parent":169,"menu_order":0,"comment_status":"closed","ping_status":"closed","template":"","meta":{"_mi_skip_tracking":false,"_monsterinsights_sitenote_active":false,"_monsterinsights_sitenote_note":"","_monsterinsights_sitenote_category":0},"aioseo_notices":[],"_links":{"self":[{"href":"https:\/\/zirkvandenberg.com\/index.php\/wp-json\/wp\/v2\/pages\/234"}],"collection":[{"href":"https:\/\/zirkvandenberg.com\/index.php\/wp-json\/wp\/v2\/pages"}],"about":[{"href":"https:\/\/zirkvandenberg.com\/index.php\/wp-json\/wp\/v2\/types\/page"}],"author":[{"embeddable":true,"href":"https:\/\/zirkvandenberg.com\/index.php\/wp-json\/wp\/v2\/users\/1"}],"replies":[{"embeddable":true,"href":"https:\/\/zirkvandenberg.com\/index.php\/wp-json\/wp\/v2\/comments?post=234"}],"version-history":[{"count":8,"href":"https:\/\/zirkvandenberg.com\/index.php\/wp-json\/wp\/v2\/pages\/234\/revisions"}],"predecessor-version":[{"id":613,"href":"https:\/\/zirkvandenberg.com\/index.php\/wp-json\/wp\/v2\/pages\/234\/revisions\/613"}],"up":[{"embeddable":true,"href":"https:\/\/zirkvandenberg.com\/index.php\/wp-json\/wp\/v2\/pages\/169"}],"wp:attachment":[{"href":"https:\/\/zirkvandenberg.com\/index.php\/wp-json\/wp\/v2\/media?parent=234"}],"curies":[{"name":"wp","href":"https:\/\/api.w.org\/{rel}","templated":true}]}}