{"id":942,"date":"2021-06-09T21:39:32","date_gmt":"2021-06-09T09:39:32","guid":{"rendered":"http:\/\/zirkvandenberg.com\/?page_id=942"},"modified":"2021-06-22T15:28:58","modified_gmt":"2021-06-22T03:28:58","slug":"een-of-ander-held","status":"publish","type":"page","link":"https:\/\/zirkvandenberg.com\/index.php\/boeke\/een-of-ander-held\/","title":{"rendered":"Een of ander held"},"content":{"rendered":"<blockquote><p><img decoding=\"async\" loading=\"lazy\" class=\"size-medium wp-image-943 alignright\" src=\"http:\/\/zirkvandenberg.com\/wp-content\/uploads\/2021\/06\/Een-of-ander-held-voorblad-192x300.jpg\" alt=\"Een of ander held\" width=\"192\" height=\"300\" srcset=\"https:\/\/zirkvandenberg.com\/wp-content\/uploads\/2021\/06\/Een-of-ander-held-voorblad-192x300.jpg 192w, https:\/\/zirkvandenberg.com\/wp-content\/uploads\/2021\/06\/Een-of-ander-held-voorblad-768x1200.jpg 768w, https:\/\/zirkvandenberg.com\/wp-content\/uploads\/2021\/06\/Een-of-ander-held-voorblad-656x1024.jpg 656w, https:\/\/zirkvandenberg.com\/wp-content\/uploads\/2021\/06\/Een-of-ander-held-voorblad-940x1468.jpg 940w, https:\/\/zirkvandenberg.com\/wp-content\/uploads\/2021\/06\/Een-of-ander-held-voorblad-500x781.jpg 500w, https:\/\/zirkvandenberg.com\/wp-content\/uploads\/2021\/06\/Een-of-ander-held-voorblad.jpg 1833w\" sizes=\"(max-width: 192px) 100vw, 192px\" \/>Daar\u2019s oomblikke van soveel skoonheid in di\u00e9 roman \u2013 waar \u2019n enkele gebaar berusting bring, en \u2018n man leer wat dit kos om \u2018n g\u00f3\u00e9ie mens te wees. &#8211; <strong>Elmari Rautenbach<\/strong><\/p>\n<p>Zirk van den Berg skryf &#8216;n avontuurverhaal soos van ouds maar met hedendaagse flair. Hy trek jou suutjies in en jaag jou hartklop hemelhoog van spanning.\u00a0 &#8211;<strong> Frederik de Jager<\/strong><\/p>\n<p>Met naelbyt oomblikke kan die afloop van Van den Berg se verhaal as monumentaal beskryf word. &#8211; <strong>Francois Bekker, Die Burger, 22 Junie 2021<\/strong><\/p>\n<p>Een of ander held is \u0149 uiters bevredigende, fassinerende slothoofstuk vir \u0149 drieluik wat bestem is om die etiket \u2018meesterwerk\u2019 te kry. &#8211; <strong>Jonathan Amid, Rapport, 21 Junie 2021<\/strong><\/p><\/blockquote>\n<p><strong>Daar is helde en h\u00e9lde. Mense met die moed van hulle oortuiging. Mense met twyfel. Di\u00e9 met gewere, di\u00e9 met regulasies en di\u00e9 met ideale.<\/strong><\/p>\n<p>Voor \u2019n groot moordverhoor in November 1905 bestempel \u2019n Windhoekse koerant die polisieman Siegfried Bock as \u2019n nuwe soort held. Maar die beskuldigde se advokaat stel Siegfried in \u2019n heel ander lig, skep agterdog wat sy goeie naam en toekoms bedreig.<\/p>\n<p>Boonop is sy voormalige bevelvoerder, oberleutnant Berghammer, en die Namakryger Jager Orlam albei daarop uit om Siegfried te laat boet \u2013 die een oor sy soldate se dood, die ander oor \u2019n opstandeling s\u2019n. En dan is daar die burokraat Stauffacher met sy skreiende planne vir Siegfried en die ganse Duits-Suidwes-Afrika.<\/p>\n<p>Die strop trek \u00e1l nouer om Siegfried se nek. Hy sien nie uitkomkans nie. Maar daar m\u00f3\u00e9t een wees, veral noudat liefde vir hom wink . . .<\/p>\n<p><em>Een of ander held<\/em> voer Zirk van den Berg se Hochnamib-trilogie tot \u2019n aangrypende einde.<\/p>\n<p>&nbsp;<\/p>\n","protected":false},"excerpt":{"rendered":"<p>Daar\u2019s oomblikke van soveel skoonheid in di\u00e9 roman \u2013 waar \u2019n enkele gebaar berusting bring, en \u2018n man leer wat&#8230;<\/p>\n","protected":false},"author":1,"featured_media":0,"parent":169,"menu_order":0,"comment_status":"closed","ping_status":"closed","template":"","meta":{"_mi_skip_tracking":false,"_monsterinsights_sitenote_active":false,"_monsterinsights_sitenote_note":"","_monsterinsights_sitenote_category":0},"aioseo_notices":[],"_links":{"self":[{"href":"https:\/\/zirkvandenberg.com\/index.php\/wp-json\/wp\/v2\/pages\/942"}],"collection":[{"href":"https:\/\/zirkvandenberg.com\/index.php\/wp-json\/wp\/v2\/pages"}],"about":[{"href":"https:\/\/zirkvandenberg.com\/index.php\/wp-json\/wp\/v2\/types\/page"}],"author":[{"embeddable":true,"href":"https:\/\/zirkvandenberg.com\/index.php\/wp-json\/wp\/v2\/users\/1"}],"replies":[{"embeddable":true,"href":"https:\/\/zirkvandenberg.com\/index.php\/wp-json\/wp\/v2\/comments?post=942"}],"version-history":[{"count":3,"href":"https:\/\/zirkvandenberg.com\/index.php\/wp-json\/wp\/v2\/pages\/942\/revisions"}],"predecessor-version":[{"id":973,"href":"https:\/\/zirkvandenberg.com\/index.php\/wp-json\/wp\/v2\/pages\/942\/revisions\/973"}],"up":[{"embeddable":true,"href":"https:\/\/zirkvandenberg.com\/index.php\/wp-json\/wp\/v2\/pages\/169"}],"wp:attachment":[{"href":"https:\/\/zirkvandenberg.com\/index.php\/wp-json\/wp\/v2\/media?parent=942"}],"curies":[{"name":"wp","href":"https:\/\/api.w.org\/{rel}","templated":true}]}}